{"id":66,"date":"2022-05-22T19:23:14","date_gmt":"2022-05-22T19:23:14","guid":{"rendered":"http:\/\/site2.drnicolau.ro\/?page_id=66"},"modified":"2025-11-26T10:56:21","modified_gmt":"2025-11-26T10:56:21","slug":"contactold","status":"publish","type":"page","link":"https:\/\/drnicolau.ro\/fr\/contactold\/","title":{"rendered":"Contact &#8211; old"},"content":{"rendered":"<div data-vc-full-width=\"true\" data-vc-full-width-init=\"false\" class=\"vc_row wpb_row vc_row-fluid vc_custom_1657115576194 vc_row-has-fill\"><div class=\"wpb_column vc_column_container vc_col-sm-2\"><div class=\"vc_column-inner\"><div class=\"wpb_wrapper\"><\/div><\/div><\/div><div class=\"wpb_column vc_column_container vc_col-sm-8\"><div class=\"vc_column-inner\"><div class=\"wpb_wrapper\">\n\t<div class=\"wpb_text_column wpb_content_element\" >\n\t\t<div class=\"wpb_wrapper\">\n\t\t\t<p class=\"medium\" style=\"text-align: center;\">Ouvert \u00e0 l&#039;ann\u00e9e 1993 par le Dr Radu Nicolau, notre cabinet est l&#039;une des cliniques dentaires avec une longue tradition dans la capitale de la nation. Lors de nos deux emplacements dans le centre de Bucarest, l&#039;utilisation de la technologie dentaire, moderne, pour un diagnostic pr\u00e9cis, le traitement s\u00fbr et confortable.<\/p>\n\n\t\t<\/div>\n\t<\/div>\n<\/div><\/div><\/div><div class=\"wpb_column vc_column_container vc_col-sm-2\"><div class=\"vc_column-inner\"><div class=\"wpb_wrapper\"><\/div><\/div><\/div><\/div><div class=\"vc_row-full-width vc_clearfix\"><\/div><div class=\"vc_row wpb_row vc_row-fluid\"><div class=\"wpb_column vc_column_container vc_col-sm-6\"><div class=\"vc_column-inner\"><div class=\"wpb_wrapper\">\n\t<div class=\"wpb_text_column wpb_content_element\" >\n\t\t<div class=\"wpb_wrapper\">\n\t\t\t<h4 style=\"text-align: center;\">Dr Nicolau - \u2013 Clinique Dentaire \u2013 Zona Dristor<\/h4>\n\n\t\t<\/div>\n\t<\/div>\n<div class=\"wpb_gmaps_widget wpb_content_element\"><div class=\"wpb_wrapper\"><div class=\"wpb_map_wraper\"><iframe src=\"https:\/\/www.google.com\/maps\/embed?pb=!1m18!1m12!1m3!1d2849.7104289078443!2d26.137464015272133!3d44.41858747910254!2m3!1f0!2f0!3f0!3m2!1i1024!2i768!4f13.1!3m3!1m2!1s0x40b1ff0ee1623d63%3A0x98bdfdd1e60a4196!2sCabinet%20Stomatologic%20Dr.%20Nicolau!5e0!3m2!1sro!2sro!4v1667040814909!5m2!1sro!2sro\" width=\"600\" height=\"450\" style=\"border:0;\" allowfullscreen=\"\" loading=\"lazy\" referrerpolicy=\"no-referrer-when-downgrade\"><\/iframe><\/div><\/div><\/div>\n\t<div class=\"wpb_text_column wpb_content_element\" >\n\t\t<div class=\"wpb_wrapper\">\n\t\t\t<h6 style=\"text-align: center;\">All\u00e9e de l&#039;\u00c9cole no. 16, le Bloc. S13, Rez-De-Chauss\u00e9e, Suite 2, Interphone, 002, Secteur 3, Bucarest, Roumanie<\/h6>\n\n\t\t<\/div>\n\t<\/div>\n<\/div><\/div><\/div><div class=\"wpb_column vc_column_container vc_col-sm-6\"><div class=\"vc_column-inner\"><div class=\"wpb_wrapper\">\n\t<div class=\"wpb_text_column wpb_content_element\" >\n\t\t<div class=\"wpb_wrapper\">\n\t\t\t<h4 style=\"text-align: center;\">Dr Nicolau - \u2013 Clinique Dentaire \u2013 Popa Nan<\/h4>\n\n\t\t<\/div>\n\t<\/div>\n<div class=\"wpb_gmaps_widget wpb_content_element\"><div class=\"wpb_wrapper\"><div class=\"wpb_map_wraper\"><iframe src=\"https:\/\/www.google.com\/maps\/embed?pb=!1m18!1m12!1m3!1d2848.979361072852!2d26.12345301527276!3d44.433585579102306!2m3!1f0!2f0!3f0!3m2!1i1024!2i768!4f13.1!3m3!1m2!1s0x40b1ff85a1238bad%3A0x5016d3e2a62dc6df!2sClinica%20Stomatologic%C4%83%20Dr.%20Nicolau!5e0!3m2!1sro!2sro!4v1667040417219!5m2!1sro!2sro\" width=\"600\" height=\"450\" style=\"border:0;\" allowfullscreen=\"\" loading=\"lazy\" referrerpolicy=\"no-referrer-when-downgrade\"><\/iframe><\/div><\/div><\/div>\n\t<div class=\"wpb_text_column wpb_content_element\" >\n\t\t<div class=\"wpb_wrapper\">\n\t\t\t<h6 style=\"text-align: center;\">Str. Popa Nan, 83 \u2013 85, premier \u00e9tage, Secteur 3, Bucarest, roumanie<\/h6>\n\n\t\t<\/div>\n\t<\/div>\n<\/div><\/div><\/div><\/div><div class=\"vc_row wpb_row vc_row-fluid vc_custom_1657115767863\"><div class=\"wpb_column vc_column_container vc_col-sm-12\"><div class=\"vc_column-inner\"><div class=\"wpb_wrapper\"><div class=\"vc_separator wpb_content_element vc_separator_align_center vc_sep_width_100 vc_sep_pos_align_center vc_separator_no_text vc_sep_color_grey\" ><span class=\"vc_sep_holder vc_sep_holder_l\"><span  class=\"vc_sep_line\"><\/span><\/span><span class=\"vc_sep_holder vc_sep_holder_r\"><span  class=\"vc_sep_line\"><\/span><\/span>\n<\/div><\/div><\/div><\/div><\/div><div class=\"vc_row wpb_row vc_row-fluid\"><div class=\"wpb_column vc_column_container vc_col-sm-6\"><div class=\"vc_column-inner\"><div class=\"wpb_wrapper\">\n\t<div class=\"wpb_text_column wpb_content_element\" >\n\t\t<div class=\"wpb_wrapper\">\n\t\t\t<h3>Les informations et les param\u00e8tres de<\/h3>\n<h6><i class=\"fas fa-mobile-alt\"><\/i> <a href=\"tel:0722777278\">0722 777 278<\/a><\/h6>\n<hr \/>\n<h5>L&#039;Annexe D&#039;Un Cabinet Dentaire:<\/h5>\n<h6><i class=\"far fa-clock\"><\/i> Lundi \u2013 Vendredi | 08:00 \u2013 20:00<\/h6>\n\n\t\t<\/div>\n\t<\/div>\n<\/div><\/div><\/div><div class=\"wpb_column vc_column_container vc_col-sm-6\"><div class=\"vc_column-inner\"><div class=\"wpb_wrapper\">\n<div class=\"wpcf7 no-js\" id=\"wpcf7-f223-o1\" lang=\"ro-RO\" dir=\"ltr\" data-wpcf7-id=\"223\">\n<div class=\"screen-reader-response\"><p role=\"status\" aria-live=\"polite\" aria-atomic=\"true\"><\/p> <ul><\/ul><\/div>\n<form action=\"\/fr\/wp-json\/wp\/v2\/pages\/66#wpcf7-f223-o1\" method=\"post\" class=\"wpcf7-form init\" aria-label=\"Formular de contact\" novalidate=\"novalidate\" data-status=\"init\" data-trp-original-action=\"\/fr\/wp-json\/wp\/v2\/pages\/66#wpcf7-f223-o1\">\n<fieldset class=\"hidden-fields-container\"><input type=\"hidden\" name=\"_wpcf7\" value=\"223\" \/><input type=\"hidden\" name=\"_wpcf7_version\" value=\"6.1.6\" \/><input type=\"hidden\" name=\"_wpcf7_locale\" value=\"ro_RO\" \/><input type=\"hidden\" name=\"_wpcf7_unit_tag\" value=\"wpcf7-f223-o1\" \/><input type=\"hidden\" name=\"_wpcf7_container_post\" value=\"0\" \/><input type=\"hidden\" name=\"_wpcf7_posted_data_hash\" value=\"\" \/><input type=\"hidden\" name=\"_wpcf7_recaptcha_response\" value=\"\" \/>\n<\/fieldset>\n<p><span class=\"wpcf7-form-control-wrap\" data-name=\"your-name\"><input size=\"40\" maxlength=\"400\" class=\"wpcf7-form-control wpcf7-text wpcf7-validates-as-required\" aria-required=\"true\" aria-invalid=\"false\" placeholder=\"Nume \u0219i prenume\" value=\"\" type=\"text\" name=\"your-name\" \/><\/span>\n<\/p>\n<p><span class=\"wpcf7-form-control-wrap\" data-name=\"tel-769\"><input size=\"40\" maxlength=\"400\" class=\"wpcf7-form-control wpcf7-tel wpcf7-validates-as-required wpcf7-text wpcf7-validates-as-tel\" aria-required=\"true\" aria-invalid=\"false\" placeholder=\"Telefon\" value=\"\" type=\"tel\" name=\"tel-769\" \/><\/span>\n<\/p>\n<p><span class=\"wpcf7-form-control-wrap\" data-name=\"email-873\"><input size=\"40\" maxlength=\"400\" class=\"wpcf7-form-control wpcf7-email wpcf7-text wpcf7-validates-as-email\" aria-invalid=\"false\" placeholder=\"Adres\u0103 de Email\" value=\"\" type=\"email\" name=\"email-873\" \/><\/span>\n<\/p>\n<p>Date de nomination<br \/>\n<span class=\"wpcf7-form-control-wrap\" data-name=\"date-886\"><input class=\"wpcf7-form-control wpcf7-date wpcf7-validates-as-date\" aria-invalid=\"false\" value=\"\" type=\"date\" name=\"date-886\" \/><\/span>\n<\/p>\n<p><span class=\"wpcf7-form-control-wrap\" data-name=\"your-message\"><textarea cols=\"40\" rows=\"3\" maxlength=\"2000\" class=\"wpcf7-form-control wpcf7-textarea\" aria-invalid=\"false\" placeholder=\"Scurt mesaj (optional)\" name=\"your-message\"><\/textarea><\/span>\n<\/p>\n\n<p><input class=\"wpcf7-form-control wpcf7-submit has-spinner\" type=\"submit\" value=\"Soumettre votre demande\" \/>\n<\/p><div class=\"wpcf7-response-output\" aria-hidden=\"true\"><\/div>\n<input type=\"hidden\" name=\"trp-form-language\" value=\"fr\"\/><\/form>\n<\/div>\n<\/div><\/div><\/div><\/div>","protected":false},"excerpt":{"rendered":"Deschis \u00een anul 1993 de Dr. Radu Nicolau, cabinetul nostru este una dintre clinicile stomatologice cu tradi\u021bie din capital\u0103. \u00cen cele dou\u0103 loca\u0163ii \u00een centrul [...]","protected":false},"author":1,"featured_media":0,"parent":0,"menu_order":0,"comment_status":"closed","ping_status":"closed","template":"","meta":{"_acf_changed":false,"site-sidebar-layout":"default","site-content-layout":"default","ast-site-content-layout":"default","site-content-style":"default","site-sidebar-style":"default","ast-global-header-display":"","ast-banner-title-visibility":"","ast-main-header-display":"","ast-hfb-above-header-display":"","ast-hfb-below-header-display":"","ast-hfb-mobile-header-display":"","site-post-title":"","ast-breadcrumbs-content":"","ast-featured-img":"","footer-sml-layout":"","ast-disable-related-posts":"","theme-transparent-header-meta":"default","adv-header-id-meta":"","stick-header-meta":"default","header-above-stick-meta":"","header-main-stick-meta":"","header-below-stick-meta":"","astra-migrate-meta-layouts":"default","ast-page-background-enabled":"default","ast-page-background-meta":{"desktop":{"background-color":"var(--ast-global-color-4)","background-image":"","background-repeat":"repeat","background-position":"center center","background-size":"auto","background-attachment":"scroll","background-type":"","background-media":"","overlay-type":"","overlay-color":"","overlay-opacity":"","overlay-gradient":""},"tablet":{"background-color":"","background-image":"","background-repeat":"repeat","background-position":"center center","background-size":"auto","background-attachment":"scroll","background-type":"","background-media":"","overlay-type":"","overlay-color":"","overlay-opacity":"","overlay-gradient":""},"mobile":{"background-color":"","background-image":"","background-repeat":"repeat","background-position":"center center","background-size":"auto","background-attachment":"scroll","background-type":"","background-media":"","overlay-type":"","overlay-color":"","overlay-opacity":"","overlay-gradient":""}},"ast-content-background-meta":{"desktop":{"background-color":"var(--ast-global-color-5)","background-image":"","background-repeat":"repeat","background-position":"center center","background-size":"auto","background-attachment":"scroll","background-type":"","background-media":"","overlay-type":"","overlay-color":"","overlay-opacity":"","overlay-gradient":""},"tablet":{"background-color":"var(--ast-global-color-5)","background-image":"","background-repeat":"repeat","background-position":"center center","background-size":"auto","background-attachment":"scroll","background-type":"","background-media":"","overlay-type":"","overlay-color":"","overlay-opacity":"","overlay-gradient":""},"mobile":{"background-color":"var(--ast-global-color-5)","background-image":"","background-repeat":"repeat","background-position":"center center","background-size":"auto","background-attachment":"scroll","background-type":"","background-media":"","overlay-type":"","overlay-color":"","overlay-opacity":"","overlay-gradient":""}},"footnotes":""},"class_list":["post-66","page","type-page","status-publish","hentry"],"acf":[],"yoast_head":"<!-- This site is optimized with the Yoast SEO plugin v19.8 - https:\/\/yoast.com\/wordpress\/plugins\/seo\/ -->\n<title>Contact - old | Dr. Nicolau<\/title>\n<meta name=\"robots\" content=\"index, follow, max-snippet:-1, max-image-preview:large, max-video-preview:-1\" \/>\n<link rel=\"canonical\" href=\"https:\/\/drnicolau.ro\/fr\/contactold\/\" \/>\n<meta property=\"og:locale\" content=\"fr_FR\" \/>\n<meta property=\"og:type\" content=\"article\" \/>\n<meta property=\"og:title\" content=\"Contact - old | Dr. Nicolau\" \/>\n<meta property=\"og:url\" content=\"https:\/\/drnicolau.ro\/fr\/contactold\/\" \/>\n<meta property=\"og:site_name\" content=\"Dr. Nicolau\" \/>\n<meta property=\"article:publisher\" content=\"https:\/\/www.facebook.com\/drteodornicolau\" \/>\n<meta property=\"article:modified_time\" content=\"2025-11-26T10:56:21+00:00\" \/>\n<meta name=\"twitter:card\" content=\"summary_large_image\" \/>\n<meta name=\"twitter:label1\" content=\"Dur\u00e9e de lecture estim\u00e9e\" \/>\n\t<meta name=\"twitter:data1\" content=\"\" \/>\n<script type=\"application\/ld+json\" class=\"yoast-schema-graph\">{\"@context\":\"https:\/\/schema.org\",\"@graph\":[{\"@type\":\"WebPage\",\"@id\":\"https:\/\/drnicolau.ro\/contactold\/\",\"url\":\"https:\/\/drnicolau.ro\/contactold\/\",\"name\":\"Contact - old | Dr. Nicolau\",\"isPartOf\":{\"@id\":\"https:\/\/drnicolau.ro\/#website\"},\"datePublished\":\"2022-05-22T19:23:14+00:00\",\"dateModified\":\"2025-11-26T10:56:21+00:00\",\"breadcrumb\":{\"@id\":\"https:\/\/drnicolau.ro\/contactold\/#breadcrumb\"},\"inLanguage\":\"fr-FR\",\"potentialAction\":[{\"@type\":\"ReadAction\",\"target\":[\"https:\/\/drnicolau.ro\/contactold\/\"]}]},{\"@type\":\"BreadcrumbList\",\"@id\":\"https:\/\/drnicolau.ro\/contactold\/#breadcrumb\",\"itemListElement\":[{\"@type\":\"ListItem\",\"position\":1,\"name\":\"Prima pagin\u0103\",\"item\":\"https:\/\/drnicolau.ro\/\"},{\"@type\":\"ListItem\",\"position\":2,\"name\":\"Contact &#8211; old\"}]},{\"@type\":\"WebSite\",\"@id\":\"https:\/\/drnicolau.ro\/#website\",\"url\":\"https:\/\/drnicolau.ro\/\",\"name\":\"Dr. Nicolau\",\"description\":\"Clinica Stomatologic\u0103 | Implantologie | Fa\u021bete dentare\",\"publisher\":{\"@id\":\"https:\/\/drnicolau.ro\/#organization\"},\"potentialAction\":[{\"@type\":\"SearchAction\",\"target\":{\"@type\":\"EntryPoint\",\"urlTemplate\":\"https:\/\/drnicolau.ro\/?s={search_term_string}\"},\"query-input\":\"required name=search_term_string\"}],\"inLanguage\":\"fr-FR\"},{\"@type\":\"Organization\",\"@id\":\"https:\/\/drnicolau.ro\/#organization\",\"name\":\"Dr. Nicolau\",\"url\":\"https:\/\/drnicolau.ro\/\",\"sameAs\":[\"https:\/\/www.facebook.com\/drteodornicolau\"],\"logo\":{\"@type\":\"ImageObject\",\"inLanguage\":\"fr-FR\",\"@id\":\"https:\/\/drnicolau.ro\/#\/schema\/logo\/image\/\",\"url\":\"https:\/\/drnicolau.ro\/wp-content\/uploads\/2022\/07\/logo-bg-black.png\",\"contentUrl\":\"https:\/\/drnicolau.ro\/wp-content\/uploads\/2022\/07\/logo-bg-black.png\",\"width\":300,\"height\":98,\"caption\":\"Dr. Nicolau\"},\"image\":{\"@id\":\"https:\/\/drnicolau.ro\/#\/schema\/logo\/image\/\"}}]}<\/script>\n<!-- \/ Yoast SEO plugin. -->","yoast_head_json":{"title":"Contact - old | Dr. Nicolau","robots":{"index":"index","follow":"follow","max-snippet":"max-snippet:-1","max-image-preview":"max-image-preview:large","max-video-preview":"max-video-preview:-1"},"canonical":"https:\/\/drnicolau.ro\/fr\/contactold\/","og_locale":"fr_FR","og_type":"article","og_title":"Contact - old | Dr. Nicolau","og_url":"https:\/\/drnicolau.ro\/fr\/contactold\/","og_site_name":"Dr. Nicolau","article_publisher":"https:\/\/www.facebook.com\/drteodornicolau","article_modified_time":"2025-11-26T10:56:21+00:00","twitter_card":"summary_large_image","twitter_misc":{"Dur\u00e9e de lecture estim\u00e9e":""},"schema":{"@context":"https:\/\/schema.org","@graph":[{"@type":"WebPage","@id":"https:\/\/drnicolau.ro\/contactold\/","url":"https:\/\/drnicolau.ro\/contactold\/","name":"Contact - old | Dr. Nicolau","isPartOf":{"@id":"https:\/\/drnicolau.ro\/#website"},"datePublished":"2022-05-22T19:23:14+00:00","dateModified":"2025-11-26T10:56:21+00:00","breadcrumb":{"@id":"https:\/\/drnicolau.ro\/contactold\/#breadcrumb"},"inLanguage":"fr-FR","potentialAction":[{"@type":"ReadAction","target":["https:\/\/drnicolau.ro\/contactold\/"]}]},{"@type":"BreadcrumbList","@id":"https:\/\/drnicolau.ro\/contactold\/#breadcrumb","itemListElement":[{"@type":"ListItem","position":1,"name":"Prima pagin\u0103","item":"https:\/\/drnicolau.ro\/"},{"@type":"ListItem","position":2,"name":"Contact &#8211; old"}]},{"@type":"WebSite","@id":"https:\/\/drnicolau.ro\/#website","url":"https:\/\/drnicolau.ro\/","name":"Dr. Nicolau","description":"Clinica Stomatologic\u0103 | Implantologie | Fa\u021bete dentare","publisher":{"@id":"https:\/\/drnicolau.ro\/#organization"},"potentialAction":[{"@type":"SearchAction","target":{"@type":"EntryPoint","urlTemplate":"https:\/\/drnicolau.ro\/?s={search_term_string}"},"query-input":"required name=search_term_string"}],"inLanguage":"fr-FR"},{"@type":"Organization","@id":"https:\/\/drnicolau.ro\/#organization","name":"Dr. Nicolau","url":"https:\/\/drnicolau.ro\/","sameAs":["https:\/\/www.facebook.com\/drteodornicolau"],"logo":{"@type":"ImageObject","inLanguage":"fr-FR","@id":"https:\/\/drnicolau.ro\/#\/schema\/logo\/image\/","url":"https:\/\/drnicolau.ro\/wp-content\/uploads\/2022\/07\/logo-bg-black.png","contentUrl":"https:\/\/drnicolau.ro\/wp-content\/uploads\/2022\/07\/logo-bg-black.png","width":300,"height":98,"caption":"Dr. Nicolau"},"image":{"@id":"https:\/\/drnicolau.ro\/#\/schema\/logo\/image\/"}}]}},"_links":{"self":[{"href":"https:\/\/drnicolau.ro\/fr\/wp-json\/wp\/v2\/pages\/66","targetHints":{"allow":["GET"]}}],"collection":[{"href":"https:\/\/drnicolau.ro\/fr\/wp-json\/wp\/v2\/pages"}],"about":[{"href":"https:\/\/drnicolau.ro\/fr\/wp-json\/wp\/v2\/types\/page"}],"author":[{"embeddable":true,"href":"https:\/\/drnicolau.ro\/fr\/wp-json\/wp\/v2\/users\/1"}],"replies":[{"embeddable":true,"href":"https:\/\/drnicolau.ro\/fr\/wp-json\/wp\/v2\/comments?post=66"}],"version-history":[{"count":14,"href":"https:\/\/drnicolau.ro\/fr\/wp-json\/wp\/v2\/pages\/66\/revisions"}],"predecessor-version":[{"id":2333,"href":"https:\/\/drnicolau.ro\/fr\/wp-json\/wp\/v2\/pages\/66\/revisions\/2333"}],"wp:attachment":[{"href":"https:\/\/drnicolau.ro\/fr\/wp-json\/wp\/v2\/media?parent=66"}],"curies":[{"name":"wp","href":"https:\/\/api.w.org\/{rel}","templated":true}]}}