{"id":192,"date":"2022-05-29T18:35:11","date_gmt":"2022-05-29T18:35:11","guid":{"rendered":"http:\/\/site2.drnicolau.ro\/?page_id=192"},"modified":"2022-07-06T13:35:31","modified_gmt":"2022-07-06T13:35:31","slug":"politica-cookie","status":"publish","type":"page","link":"https:\/\/drnicolau.ro\/fr\/politica-cookie\/","title":{"rendered":"Politique en mati\u00e8re de cookies"},"content":{"rendered":"<p>Site-ul www.drnicolau.ro utilizeaz\u0103 cookie-uri !<\/p>\n<p><strong>1. Informa\u021bii generale<\/strong><br \/>\nInforma\u021biile prezentate \u00een continuare au scopul de a aduce la cunostin\u021b\u0103 utilizatorului detalii privind plasarea, gestionarea \u0219i utilizarea cookie-urilor de c\u0103tre site-ul www.drnicolau.ro. \u00cen cazul \u00een care ave\u021bi nel\u0103muriri sau ave\u021bi nevoie de informa\u021bii suplimentare fa\u021b\u0103 de cele enun\u021bate mai jos, v\u0103 rug\u0103m s\u0103 ne contacta\u021bi prin intermediul formularului din pagina Contact.<\/p>\n<p>Cookie-urile joac\u0103 un rol important \u00een facilitarea accesului \u0219i livr\u0103rii multiplelor servicii de care utilizatorul se bucur\u0103 pe internet, cum ar fi:<\/p>\n<p>Personalizarea anumitor set\u0103ri precum: set\u0103ri privind sort\u0103ri, starea de conectare, filtr\u0103ri \u0219.a.m.d.<br \/>\nCookie-urile ofer\u0103 de\u021bin\u0103torilor de site-uri un feedback valoros asupra modului cum este utilizat site-ul de c\u0103tre utilizatori, av\u00e2nd ca scop \u00eembunat\u0103\u021birea acestuia;<br \/>\nPermit aplica\u021biilor multimedia sau de alt tip de pe alte site-uri s\u0103 fie incluse \u00eentr-un anumit site pentru a crea o experient\u0103 de navigare mai valoroas\u0103, mai util\u0103 \u0219i mai placut\u0103;<br \/>\n\u00cembun\u0103t\u0103\u021besc eficien\u021ba publicit\u0103\u021bii online.<\/p>\n<p><strong>2. Ce este un cookie?<\/strong><br \/>\nUn Cookie (termen cunoscut \u0219i ca \u201ebrowser cookie\u201d sau \u201eHTTP cookie\u201d) este un fi\u0219ier de tip text de mici dimensiuni, format din litere, cifre \u0219i alte simboluri, care va fi stocat pe computerul sau terminalul mobil ori alt echpament utilizat pentru accesarea site-ului www.drnicolau.ro.<\/p>\n<p>Cookie-ul este instalat prin solicitara emis\u0103 de c\u0103tre un webserver unui navigator de internet (browser web \u2013 ex: Internet Explorer, Google Chrome, Mozilla Firefox etc.) cu scopul de a stoca date privind statistici, preferin\u021be sau alte informa\u021bii oferite de c\u0103tre utilizator.<\/p>\n<p>Un cookie este format din 2 p\u0103r\u021bi: numele \u0219i con\u021binutul cookie-ului. Mai mult, durata de existen\u021b\u0103 a unui cookie este determinat\u0103; tehnic, doar webserverul care a trimis cookie-ul \u00eel poate accesa din nou \u00een momentul \u00een care un utilizator se \u00eentoarce pe website-ul asociat webserverului respectiv.<\/p>\n<p>Cookie-urile \u00een sine nu solicit\u0103 informa\u021bii cu caracter personal pentru a putea fi utilizate \u0219i, \u00een cele mai multe cazuri, nu identific\u0103 personal utilizatorii de internet.<\/p>\n<p><strong>3. Care sunt avantajele cookie-urilor?<\/strong><br \/>\nUn cookie con\u021bine informa\u021bii care fac leg\u0103tura \u00eentre un web-browser (utilizatorul) \u0219i un web-server anume (website-ul). Dac\u0103 un browser acceseaz\u0103 acel web-server din nou, acesta poate citi informa\u021bia deja stocat\u0103 \u0219i reac\u021biona \u00een consecin\u021b\u0103. Astfel, un cookie poate asigura o experien\u021ba de navigara facil\u0103 \u0219i confortabil\u0103.<\/p>\n<p><strong>4. Care este durata de via\u021b\u0103 a unui cookie?<\/strong><br \/>\nCookieurile sunt administrate de webservere. Durata de via\u021b\u0103 a unui cookie poate varia semnificativ, depinz\u00e2nd de scopul pentru care este plasat. Unele cookie-uri sunt folosite exclusive pentru o singur\u0103 sesiune (session cookies) si nu mai sunt re\u021binute odat\u0103 de utilizatorul a parasit website-ul \u0219i unele cookie-uri sunt re\u021binute \u0219i refolosite de fiecare dat\u0103 c\u00e2nd utilizatorul revine pe acel website (cookie-uri permanente). Cu toate aceste, cookie-urile pot fi \u0219terse de un utilizator \u00een orice moment prin intermediul set\u0103rilor browserului.<\/p>\n<p><strong>5. Ce sunt cookie-urile plasate de ter\u021bi?<\/strong><br \/>\nAnumite sec\u021biuni de con\u021binut de pe unele site-uri pot fi furnizate prin intermediul unor ter\u021be p\u0103r\u021bi\/furnizori (ex: news box, un video sau o reclama). Aceste terte p\u0103r\u021bi pot plasa de asemenea cookieuri prin intermediul site-ului \u0219i ele se numesc \u201ethird party cookies\u201d pentru c\u0103 nu sunt plasate de proprietarul website-ului respectiv. Furnizorii ter\u021bi trebuie s\u0103 respecte de asemenea legea \u00een vigoare \u0219i politicile de confiden\u021bialitate ale de\u021bin\u0103torului site-ului.<\/p>\n<p><strong>6. Securitate \u0219i probleme legate de confiden\u021bialitate<\/strong><br \/>\nCookieurile nu pot fi viru\u0219i. Acestea sunt obiecte de tip text ce nu pot fi auto-executate, \u00een consecin\u021b\u0103 acestea nu se pot duplica, prelua con\u021binut din afara navigatorului (browserului web) \u0219i nu pot executa aplica\u021bii interne sau opera\u021biuni de \u0219tergere\/copiere de pe hard-disk-ul utilizatorului.<\/p>\n<p><strong>7. Dezactivarea cookie-urilor<\/strong><br \/>\nPrin dezactivarea cookie-urilor se \u00een\u021belege blocarea\/oprirea scrierii sau citirii de informa\u021bii \u00een sesiunea de cookie.<\/p>\n<p>Dezactivarea cookie-urilor poate duce la func\u021bionalitate defectuoas\u0103 at\u00e2t a site-ului www.drnicolau.ro c\u00e2t \u0219i a altor site-uri.<\/p>\n<p>Orice navigator (browser) web ofer\u0103 posibilitatea dezactiv\u0103rii cookie-urilor. Pentru mai multe detalii despre cum pute\u021bi face acest lucru, accesa\u021bi urm\u0103toarele link-uri \u00een func\u021bie de navigatorul pe care \u00eel utiliza\u021bi:<\/p>\n<ul>\n<li><a href=\"http:\/\/support.microsoft.com\/kb\/196955\" target=\"_blank\" rel=\"noreferrer noopener\">Administrarea preferin\u021belor de Cookie \u00een Microsoft Internet Explorer (Limba Englez\u0103)<\/a><\/li>\n<li><a href=\"http:\/\/support.mozilla.org\/en-US\/kb\/cookies-information-websites-store-on-your-computer?redirectlocale=en-US&amp;redirectslug=Cookies\" target=\"_blank\" rel=\"noreferrer noopener\">Administrarea preferin\u021belor de Cookie \u00een Mozilla Firefox (Limba Englez\u0103)<\/a><\/li>\n<li><a href=\"http:\/\/support.google.com\/chrome\/bin\/answer.py?hl=en&amp;answer=95647\" target=\"_blank\" rel=\"noreferrer noopener\">Administrarea preferin\u021belor de Cookie \u00een Google Chrome (Limba Englez\u0103)<\/a><\/li>\n<li><a href=\"http:\/\/support.apple.com\/kb\/PH5042\" target=\"_blank\" rel=\"noreferrer noopener\">Administrarea preferin\u021belor de Cookie \u00een Safari (Limba Englez\u0103)<\/a><\/li>\n<\/ul>","protected":false},"excerpt":{"rendered":"<p>Site-ul www.drnicolau.ro utilizeaz\u0103 cookie-uri ! 1. Informa\u021bii generale Informa\u021biile prezentate \u00een continuare au scopul de a aduce la cunostin\u021b\u0103 utilizatorului detalii privind plasarea, gestionarea \u0219i [&hellip;]<\/p>","protected":false},"author":1,"featured_media":0,"parent":0,"menu_order":0,"comment_status":"closed","ping_status":"closed","template":"","meta":{"_acf_changed":false,"site-sidebar-layout":"no-sidebar","site-content-layout":"content-boxed-container","ast-site-content-layout":"default","site-content-style":"default","site-sidebar-style":"default","ast-global-header-display":"","ast-banner-title-visibility":"","ast-main-header-display":"","ast-hfb-above-header-display":"","ast-hfb-below-header-display":"","ast-hfb-mobile-header-display":"","site-post-title":"","ast-breadcrumbs-content":"","ast-featured-img":"","footer-sml-layout":"","ast-disable-related-posts":"","theme-transparent-header-meta":"default","adv-header-id-meta":"","stick-header-meta":"default","header-above-stick-meta":"","header-main-stick-meta":"","header-below-stick-meta":"","astra-migrate-meta-layouts":"default","ast-page-background-enabled":"default","ast-page-background-meta":{"desktop":{"background-color":"var(--ast-global-color-4)","background-image":"","background-repeat":"repeat","background-position":"center center","background-size":"auto","background-attachment":"scroll","background-type":"","background-media":"","overlay-type":"","overlay-color":"","overlay-opacity":"","overlay-gradient":""},"tablet":{"background-color":"","background-image":"","background-repeat":"repeat","background-position":"center center","background-size":"auto","background-attachment":"scroll","background-type":"","background-media":"","overlay-type":"","overlay-color":"","overlay-opacity":"","overlay-gradient":""},"mobile":{"background-color":"","background-image":"","background-repeat":"repeat","background-position":"center center","background-size":"auto","background-attachment":"scroll","background-type":"","background-media":"","overlay-type":"","overlay-color":"","overlay-opacity":"","overlay-gradient":""}},"ast-content-background-meta":{"desktop":{"background-color":"var(--ast-global-color-5)","background-image":"","background-repeat":"repeat","background-position":"center center","background-size":"auto","background-attachment":"scroll","background-type":"","background-media":"","overlay-type":"","overlay-color":"","overlay-opacity":"","overlay-gradient":""},"tablet":{"background-color":"var(--ast-global-color-5)","background-image":"","background-repeat":"repeat","background-position":"center center","background-size":"auto","background-attachment":"scroll","background-type":"","background-media":"","overlay-type":"","overlay-color":"","overlay-opacity":"","overlay-gradient":""},"mobile":{"background-color":"var(--ast-global-color-5)","background-image":"","background-repeat":"repeat","background-position":"center center","background-size":"auto","background-attachment":"scroll","background-type":"","background-media":"","overlay-type":"","overlay-color":"","overlay-opacity":"","overlay-gradient":""}},"footnotes":""},"class_list":["post-192","page","type-page","status-publish","hentry"],"acf":[],"yoast_head":"<!-- This site is optimized with the Yoast SEO plugin v19.8 - https:\/\/yoast.com\/wordpress\/plugins\/seo\/ -->\n<title>Politica cookie | Dr. Nicolau<\/title>\n<meta name=\"robots\" content=\"index, follow, max-snippet:-1, max-image-preview:large, max-video-preview:-1\" \/>\n<link rel=\"canonical\" href=\"https:\/\/drnicolau.ro\/fr\/politica-cookie\/\" \/>\n<meta property=\"og:locale\" content=\"fr_FR\" \/>\n<meta property=\"og:type\" content=\"article\" \/>\n<meta property=\"og:title\" content=\"Politica cookie | Dr. Nicolau\" \/>\n<meta property=\"og:description\" content=\"Site-ul www.drnicolau.ro utilizeaz\u0103 cookie-uri ! 1. Informa\u021bii generale Informa\u021biile prezentate \u00een continuare au scopul de a aduce la cunostin\u021b\u0103 utilizatorului detalii privind plasarea, gestionarea \u0219i [&hellip;]\" \/>\n<meta property=\"og:url\" content=\"https:\/\/drnicolau.ro\/fr\/politica-cookie\/\" \/>\n<meta property=\"og:site_name\" content=\"Dr. Nicolau\" \/>\n<meta property=\"article:publisher\" content=\"https:\/\/www.facebook.com\/drteodornicolau\" \/>\n<meta property=\"article:modified_time\" content=\"2022-07-06T13:35:31+00:00\" \/>\n<meta name=\"twitter:card\" content=\"summary_large_image\" \/>\n<meta name=\"twitter:label1\" content=\"Dur\u00e9e de lecture estim\u00e9e\" \/>\n\t<meta name=\"twitter:data1\" content=\"\" \/>\n<script type=\"application\/ld+json\" class=\"yoast-schema-graph\">{\"@context\":\"https:\/\/schema.org\",\"@graph\":[{\"@type\":\"WebPage\",\"@id\":\"https:\/\/drnicolau.ro\/politica-cookie\/\",\"url\":\"https:\/\/drnicolau.ro\/politica-cookie\/\",\"name\":\"Politica cookie | Dr. Nicolau\",\"isPartOf\":{\"@id\":\"https:\/\/drnicolau.ro\/#website\"},\"datePublished\":\"2022-05-29T18:35:11+00:00\",\"dateModified\":\"2022-07-06T13:35:31+00:00\",\"breadcrumb\":{\"@id\":\"https:\/\/drnicolau.ro\/politica-cookie\/#breadcrumb\"},\"inLanguage\":\"fr-FR\",\"potentialAction\":[{\"@type\":\"ReadAction\",\"target\":[\"https:\/\/drnicolau.ro\/politica-cookie\/\"]}]},{\"@type\":\"BreadcrumbList\",\"@id\":\"https:\/\/drnicolau.ro\/politica-cookie\/#breadcrumb\",\"itemListElement\":[{\"@type\":\"ListItem\",\"position\":1,\"name\":\"Prima pagin\u0103\",\"item\":\"https:\/\/drnicolau.ro\/\"},{\"@type\":\"ListItem\",\"position\":2,\"name\":\"Politica cookie\"}]},{\"@type\":\"WebSite\",\"@id\":\"https:\/\/drnicolau.ro\/#website\",\"url\":\"https:\/\/drnicolau.ro\/\",\"name\":\"Dr. Nicolau\",\"description\":\"Clinica Stomatologic\u0103 | Implantologie | Fa\u021bete dentare\",\"publisher\":{\"@id\":\"https:\/\/drnicolau.ro\/#organization\"},\"potentialAction\":[{\"@type\":\"SearchAction\",\"target\":{\"@type\":\"EntryPoint\",\"urlTemplate\":\"https:\/\/drnicolau.ro\/?s={search_term_string}\"},\"query-input\":\"required name=search_term_string\"}],\"inLanguage\":\"fr-FR\"},{\"@type\":\"Organization\",\"@id\":\"https:\/\/drnicolau.ro\/#organization\",\"name\":\"Dr. Nicolau\",\"url\":\"https:\/\/drnicolau.ro\/\",\"sameAs\":[\"https:\/\/www.facebook.com\/drteodornicolau\"],\"logo\":{\"@type\":\"ImageObject\",\"inLanguage\":\"fr-FR\",\"@id\":\"https:\/\/drnicolau.ro\/#\/schema\/logo\/image\/\",\"url\":\"https:\/\/drnicolau.ro\/wp-content\/uploads\/2022\/07\/logo-bg-black.png\",\"contentUrl\":\"https:\/\/drnicolau.ro\/wp-content\/uploads\/2022\/07\/logo-bg-black.png\",\"width\":300,\"height\":98,\"caption\":\"Dr. Nicolau\"},\"image\":{\"@id\":\"https:\/\/drnicolau.ro\/#\/schema\/logo\/image\/\"}}]}<\/script>\n<!-- \/ Yoast SEO plugin. -->","yoast_head_json":{"title":"Politica cookie | Dr. Nicolau","robots":{"index":"index","follow":"follow","max-snippet":"max-snippet:-1","max-image-preview":"max-image-preview:large","max-video-preview":"max-video-preview:-1"},"canonical":"https:\/\/drnicolau.ro\/fr\/politica-cookie\/","og_locale":"fr_FR","og_type":"article","og_title":"Politica cookie | Dr. Nicolau","og_description":"Site-ul www.drnicolau.ro utilizeaz\u0103 cookie-uri ! 1. Informa\u021bii generale Informa\u021biile prezentate \u00een continuare au scopul de a aduce la cunostin\u021b\u0103 utilizatorului detalii privind plasarea, gestionarea \u0219i [&hellip;]","og_url":"https:\/\/drnicolau.ro\/fr\/politica-cookie\/","og_site_name":"Dr. Nicolau","article_publisher":"https:\/\/www.facebook.com\/drteodornicolau","article_modified_time":"2022-07-06T13:35:31+00:00","twitter_card":"summary_large_image","twitter_misc":{"Dur\u00e9e de lecture estim\u00e9e":""},"schema":{"@context":"https:\/\/schema.org","@graph":[{"@type":"WebPage","@id":"https:\/\/drnicolau.ro\/politica-cookie\/","url":"https:\/\/drnicolau.ro\/politica-cookie\/","name":"Politica cookie | Dr. Nicolau","isPartOf":{"@id":"https:\/\/drnicolau.ro\/#website"},"datePublished":"2022-05-29T18:35:11+00:00","dateModified":"2022-07-06T13:35:31+00:00","breadcrumb":{"@id":"https:\/\/drnicolau.ro\/politica-cookie\/#breadcrumb"},"inLanguage":"fr-FR","potentialAction":[{"@type":"ReadAction","target":["https:\/\/drnicolau.ro\/politica-cookie\/"]}]},{"@type":"BreadcrumbList","@id":"https:\/\/drnicolau.ro\/politica-cookie\/#breadcrumb","itemListElement":[{"@type":"ListItem","position":1,"name":"Prima pagin\u0103","item":"https:\/\/drnicolau.ro\/"},{"@type":"ListItem","position":2,"name":"Politica cookie"}]},{"@type":"WebSite","@id":"https:\/\/drnicolau.ro\/#website","url":"https:\/\/drnicolau.ro\/","name":"Dr. Nicolau","description":"Clinica Stomatologic\u0103 | Implantologie | Fa\u021bete dentare","publisher":{"@id":"https:\/\/drnicolau.ro\/#organization"},"potentialAction":[{"@type":"SearchAction","target":{"@type":"EntryPoint","urlTemplate":"https:\/\/drnicolau.ro\/?s={search_term_string}"},"query-input":"required name=search_term_string"}],"inLanguage":"fr-FR"},{"@type":"Organization","@id":"https:\/\/drnicolau.ro\/#organization","name":"Dr. Nicolau","url":"https:\/\/drnicolau.ro\/","sameAs":["https:\/\/www.facebook.com\/drteodornicolau"],"logo":{"@type":"ImageObject","inLanguage":"fr-FR","@id":"https:\/\/drnicolau.ro\/#\/schema\/logo\/image\/","url":"https:\/\/drnicolau.ro\/wp-content\/uploads\/2022\/07\/logo-bg-black.png","contentUrl":"https:\/\/drnicolau.ro\/wp-content\/uploads\/2022\/07\/logo-bg-black.png","width":300,"height":98,"caption":"Dr. Nicolau"},"image":{"@id":"https:\/\/drnicolau.ro\/#\/schema\/logo\/image\/"}}]}},"_links":{"self":[{"href":"https:\/\/drnicolau.ro\/fr\/wp-json\/wp\/v2\/pages\/192","targetHints":{"allow":["GET"]}}],"collection":[{"href":"https:\/\/drnicolau.ro\/fr\/wp-json\/wp\/v2\/pages"}],"about":[{"href":"https:\/\/drnicolau.ro\/fr\/wp-json\/wp\/v2\/types\/page"}],"author":[{"embeddable":true,"href":"https:\/\/drnicolau.ro\/fr\/wp-json\/wp\/v2\/users\/1"}],"replies":[{"embeddable":true,"href":"https:\/\/drnicolau.ro\/fr\/wp-json\/wp\/v2\/comments?post=192"}],"version-history":[{"count":2,"href":"https:\/\/drnicolau.ro\/fr\/wp-json\/wp\/v2\/pages\/192\/revisions"}],"predecessor-version":[{"id":319,"href":"https:\/\/drnicolau.ro\/fr\/wp-json\/wp\/v2\/pages\/192\/revisions\/319"}],"wp:attachment":[{"href":"https:\/\/drnicolau.ro\/fr\/wp-json\/wp\/v2\/media?parent=192"}],"curies":[{"name":"wp","href":"https:\/\/api.w.org\/{rel}","templated":true}]}}