{"id":3,"date":"2022-05-20T15:08:45","date_gmt":"2022-05-20T15:08:45","guid":{"rendered":"http:\/\/site2.drnicolau.ro\/?page_id=3"},"modified":"2022-07-06T13:38:06","modified_gmt":"2022-07-06T13:38:06","slug":"politica-de-confidentialitate","status":"publish","type":"page","link":"https:\/\/drnicolau.ro\/en\/politica-de-confidentialitate\/","title":{"rendered":"Privacy policy"},"content":{"rendered":"<h2>Ce date personale colect\u0103m \u0219i de ce<\/h2>\n<p>Pe cele mai multe pagini ale site-ului https:\/\/drnicolau.ro po\u021bi naviga anonim, f\u0103r\u0103 a furniza date personale). Exist\u0103 \u00eens\u0103 sec\u021biuni ale site-ului care solicit\u0103 (direct sau indirect) \u0219i p\u0103streaz\u0103 date de identificare. Aceste sec\u021biuni \u0219i datele colectate sunt enumerate \u00een continuare.<\/p>\n<h4>Formulare de contact<\/h4>\n<p>Pe site-ul\u00a0<a href=\"https:\/\/drnicolau.ro\/en\/\">https:\/\/drnicolau.ro<\/a> punem la dispozi\u021bia vizitatorilor mai multe formulare prin care ne po\u021bi contacta. Datele personale pe care le completezi \u00een aceste formulare sunt numele, adresa de e-mail \u0219i num\u0103rul de telefon, dar \u0219i unele metadate pe care serverul de web le colecteaz\u0103 automat. Metadatele sunt adresa IP, denumirea \u0219i versiunea navigatorului de internet. Datele sunt trimise \u00eentr-o c\u0103su\u021b\u0103 de e-mail dedicat\u0103, g\u0103zduit\u0103 pe serverul de e-mail care deserve\u0219te domeniul drnicolau.ro. Acces la mesajele primite pe aceast\u0103 cale, deci implicit la datele personale con\u021binute de acestea, au doar angaja\u021bii no\u0219tri.<\/p>\n<p>Datele salvate sunt folosite exclusiv pentru a stabili contactul cu clien\u021bii clinicii \u0219i pentru comunicarea de informa\u021bii, altele dec\u00e2t cele care fac obiectul campaniilor de marketing. Informa\u021biile comunicate se pot referi la program\u0103ri, la onorariile practicate \u00een clinica noastr\u0103, la evenimente speciale care afecteaz\u0103 programul clinicii etc.<\/p>\n<p>\u00cen cazul \u00een care un vizitator folose\u0219te formularele de pe site-ul web pentru a a-\u0219i depune candidatura pentru un job la Clinica Dr. Nicolau \u0219i ata\u0219eaz\u0103 CV-ul \u00een formularul de aplica\u021bie, fi\u0219ierul \u00eenc\u0103rcat pe site este trimis \u00eentr-o c\u0103su\u021b\u0103 de e-mail dedicat\u0103. De aici, un angajat Dr. Nicolau responsabil cu recrutarea \u0219i selec\u021bia personalului poate folosi datele personale \u0219i de contact transmise de candidat pentru a programa un interviu.<\/p>\n<p>Pentru pacien\u021bii clinicii, datele transmise prin formularele de pe site-ul web sunt p\u0103strate tip de un an dup\u0103 ce calitatea de pacient a clinicii \u00eenceteaz\u0103. Datele care provin de la vizitatorii care ne-au contactat prin intermediul site-ului web sunt p\u0103strate timp de un an.<\/p>\n<p>Prin intermediul site-ului nostru nu solicit\u0103m \u0219i nici nu transmitem date cu privire la starea de s\u0103n\u0103tate a pacien\u021bilor. Pacien\u021bii primesc un acord detaliat de prelucrare a datelor cu caracter personal, inclusiv al celor referitoare la starea de s\u0103n\u0103tate, odat\u0103 cu prima vizit\u0103 \u00een clinica noastr\u0103.<\/p>\n<h4>Comentarii<\/h4>\n<p>C\u00e2nd vizitatorii adaug\u0103 comentarii la articolele publicate, site-ul nostru colecteaz\u0103 datele completate \u00een formularele de comentarii. Pe l\u00e2ng\u0103 acestea sunt memorate adresa IP a vizitatorului, denumirea \u0219i versiunea navigatorului de internet, pentru a ne ajuta la detectarea \u0219i combaterea spam-ului.<\/p>\n<h4>Con\u021binut media<\/h4>\n<p>Dac\u0103 \u00eencarci imagini pe situl web, ar trebui s\u0103 evi\u021bi \u00eenc\u0103rcarea imaginilor care au incluse date de loca\u021bie \u00eenglobate (EXIF GPS). Vizitatorii sitului web pot desc\u0103rca \u0219i extrage toate datele despre loca\u021bie din imaginile de pe sit.<\/p>\n<h4>Cookie-uri<\/h4>\n<p>Dac\u0103 la\u0219i un comentariu pe situl nostru, po\u021bi opta pentru salvarea \u00een cookie-uri a numelui, adresei de email \u0219i sitului t\u0103u web. Acestea sunt pentru confortul t\u0103u, astfel nu mai trebuie s\u0103 le completezi din nou c\u00e2nd la\u0219i un alt comentariu. Aceste cookie-uri vor fi valabile un an.<\/p>\n<p>Dac\u0103 ai un cont \u0219i te autentifici \u00een acest sit, vom seta un cookie temporar pentru a determina dac\u0103 navigatorul t\u0103u accept\u0103 cookie-uri. Acest cookie nu con\u021bine date personale \u0219i este eliminat c\u00e2nd \u00eenchizi navigatorul.<\/p>\n<p>C\u00e2nd te autentifici, vom seta \u0219i c\u00e2teva cookie-uri pentru a-\u021bi salva informa\u021biile de autentificare \u0219i op\u021biunile de afi\u0219are pe ecran. Cookie-urile de autentificare sunt p\u0103strate dou\u0103 zile, iar cele pentru op\u021biuni de afi\u0219are pe ecran sunt p\u0103strate un an. Dac\u0103 selectezi \u201e\u021aine-m\u0103 minte\u201d, cookie-urile tale de autentificare vor fi p\u0103strate dou\u0103 s\u0103pt\u0103m\u00e2ni. Dac\u0103 te dezautentifici din cont, cookie-urile de autentificare vor fi eliminate.<\/p>\n<p>Dac\u0103 editezi sau publici un articol, un cookie suplimentar va fi salvat \u00een navigatorul t\u0103u. Acest cookie nu include date personale \u0219i indic\u0103 pur \u0219i simplu ID-ul articolului pe care tocmai l-ai editat. El expir\u0103 dup\u0103 o zi.<\/p>\n<h4>Con\u021binut \u00eenglobat de pe alte situri web<\/h4>\n<p>Articolele din acest sit pot include con\u021binut \u00eenglobat (de exemplu, videouri, imagini, articole etc.). Con\u021binutul \u00eenglobat de pe alte situri web se comport\u0103 exact la fel ca \u0219i cum vizitatorii au vizualizat un alt sit web.<\/p>\n<p>Aceste site-uri web pot s\u0103 colecteze date despre tine, s\u0103 foloseasc\u0103 cookie-uri, s\u0103 \u00eenglobeze urm\u0103rirea suplimentar\u0103 de la p\u0103r\u021bi ter\u021be \u0219i s\u0103-\u021bi monitorizeze interac\u021biunea cu con\u021binutul \u00eenglobat, inclusiv s\u0103-\u021bi urm\u0103reasc\u0103 interac\u021biunea cu con\u021binutul \u00eenglobat dac\u0103 ai un cont \u0219i e\u0219ti autentificat \u00een acel sit web.<\/p>\n<h4>C\u00e2t timp \u00ee\u021bi p\u0103str\u0103m datele personale<\/h4>\n<p>Dac\u0103 la\u0219i un comentariu, comentariul \u0219i metadatele lui sunt p\u0103strate pe o perioad\u0103 nedeterminat\u0103. A\u0219a putem recunoa\u0219te \u0219i aproba automat toate comentariile urm\u0103toare \u00een loc s\u0103 le \u021binem \u00eentr-o coad\u0103 pentru moderare.<\/p>\n<p>Pentru utilizatorii (dac\u0103 exist\u0103) care se \u00eenregistreaz\u0103 pe situl nostru web, stoc\u0103m \u0219i informa\u021biile personale pe care le furnizeaz\u0103 \u00een profilul lor de utilizator. To\u021bi utilizatorii \u00ee\u0219i pot vedea, edita sau \u0219terge informa\u021biile personale oric\u00e2nd (dar nu \u00ee\u0219i pot schimba numele de utilizator). De asemenea, administratorii sitului web pot vedea \u0219i edita aceste informa\u021bii.<\/p>\n<h4>Ce drepturi ai asupra datelor tale<\/h4>\n<p>Dac\u0103 ai un cont sau ai l\u0103sat comentarii pe acest site web, po\u021bi cere s\u0103 prime\u0219ti un fi\u0219ier de export cu datele personale pe care le de\u021binem despre tine, inclusiv toate datele pe care ni le-ai furnizat. De asemenea, ne po\u021bi cere s\u0103 corect\u0103m, s\u0103 actualiz\u0103m sau s\u0103 \u0219tergem toate datele personale pe care le de\u021binem despre tine. Solicitarea de \u0219tergere nu poate include datele pe care suntem obliga\u021bi s\u0103 le p\u0103str\u0103m \u00een scopuri administrative, juridice sau de securitate.<\/p>\n<h4>Unde \u00ee\u021bi trimitem datele personale<\/h4>\n<p>Comentariile vizitatorilor pot fi verificate printr-un serviciu automat de detectare a spam-ului. Suplimentar, formularele de contact prezente pe site folosesc serviciul reCaptcha oferit de Google pentru a evita completarea automat\u0103 a formularelor \u0219i implicit transmiterea de spam. Pentru mai multe informa\u021bii despre utilizarea acestui serviciu se poate consulta\u00a0<a href=\"https:\/\/policies.google.com\/privacy\" target=\"_blank\" rel=\"noreferrer noopener\">politica de confiden\u021bialitate Google<\/a>.<\/p>\n<h5>Ce decizii lu\u0103m \u0219i\/sau ce profiluri realiz\u0103m automat cu datele utilizatorilor<\/h5>\n<p>Nu cre\u0103m profiluri \u00een mod automat cu datele pe care vizitatorii le completeaz\u0103 pe site-ul drnicolau.ro.<\/p>\n<h5>Divulgarea datelor c\u0103tre autorit\u0103\u021bi<\/h5>\n<p>La cererea autorit\u0103\u021bilor \u0219i cu respectarea legilor \u00een vigoare, putem transmite acestora datele pe care le de\u021binem despre vizitatorii site-ului web.<\/p>","protected":false},"excerpt":{"rendered":"<p>Ce date personale colect\u0103m \u0219i de ce Pe cele mai multe pagini ale site-ului https:\/\/drnicolau.ro po\u021bi naviga anonim, f\u0103r\u0103 a furniza date personale). Exist\u0103 \u00eens\u0103 [&hellip;]<\/p>","protected":false},"author":1,"featured_media":0,"parent":0,"menu_order":0,"comment_status":"closed","ping_status":"open","template":"","meta":{"_acf_changed":false,"site-sidebar-layout":"no-sidebar","site-content-layout":"content-boxed-container","ast-site-content-layout":"default","site-content-style":"default","site-sidebar-style":"default","ast-global-header-display":"","ast-banner-title-visibility":"","ast-main-header-display":"","ast-hfb-above-header-display":"","ast-hfb-below-header-display":"","ast-hfb-mobile-header-display":"","site-post-title":"","ast-breadcrumbs-content":"","ast-featured-img":"","footer-sml-layout":"","ast-disable-related-posts":"","theme-transparent-header-meta":"default","adv-header-id-meta":"","stick-header-meta":"default","header-above-stick-meta":"","header-main-stick-meta":"","header-below-stick-meta":"","astra-migrate-meta-layouts":"default","ast-page-background-enabled":"default","ast-page-background-meta":{"desktop":{"background-color":"var(--ast-global-color-4)","background-image":"","background-repeat":"repeat","background-position":"center center","background-size":"auto","background-attachment":"scroll","background-type":"","background-media":"","overlay-type":"","overlay-color":"","overlay-opacity":"","overlay-gradient":""},"tablet":{"background-color":"","background-image":"","background-repeat":"repeat","background-position":"center center","background-size":"auto","background-attachment":"scroll","background-type":"","background-media":"","overlay-type":"","overlay-color":"","overlay-opacity":"","overlay-gradient":""},"mobile":{"background-color":"","background-image":"","background-repeat":"repeat","background-position":"center center","background-size":"auto","background-attachment":"scroll","background-type":"","background-media":"","overlay-type":"","overlay-color":"","overlay-opacity":"","overlay-gradient":""}},"ast-content-background-meta":{"desktop":{"background-color":"var(--ast-global-color-5)","background-image":"","background-repeat":"repeat","background-position":"center center","background-size":"auto","background-attachment":"scroll","background-type":"","background-media":"","overlay-type":"","overlay-color":"","overlay-opacity":"","overlay-gradient":""},"tablet":{"background-color":"var(--ast-global-color-5)","background-image":"","background-repeat":"repeat","background-position":"center center","background-size":"auto","background-attachment":"scroll","background-type":"","background-media":"","overlay-type":"","overlay-color":"","overlay-opacity":"","overlay-gradient":""},"mobile":{"background-color":"var(--ast-global-color-5)","background-image":"","background-repeat":"repeat","background-position":"center center","background-size":"auto","background-attachment":"scroll","background-type":"","background-media":"","overlay-type":"","overlay-color":"","overlay-opacity":"","overlay-gradient":""}},"footnotes":""},"class_list":["post-3","page","type-page","status-publish","hentry"],"acf":[],"yoast_head":"<!-- This site is optimized with the Yoast SEO plugin v19.8 - https:\/\/yoast.com\/wordpress\/plugins\/seo\/ -->\n<title>Politic\u0103 de confiden\u021bialitate | Dr. Nicolau<\/title>\n<meta name=\"robots\" content=\"index, follow, max-snippet:-1, max-image-preview:large, max-video-preview:-1\" \/>\n<link rel=\"canonical\" href=\"https:\/\/drnicolau.ro\/en\/politica-de-confidentialitate\/\" \/>\n<meta property=\"og:locale\" content=\"en_US\" \/>\n<meta property=\"og:type\" content=\"article\" \/>\n<meta property=\"og:title\" content=\"Politic\u0103 de confiden\u021bialitate | Dr. Nicolau\" \/>\n<meta property=\"og:description\" content=\"Ce date personale colect\u0103m \u0219i de ce Pe cele mai multe pagini ale site-ului https:\/\/drnicolau.ro po\u021bi naviga anonim, f\u0103r\u0103 a furniza date personale). Exist\u0103 \u00eens\u0103 [&hellip;]\" \/>\n<meta property=\"og:url\" content=\"https:\/\/drnicolau.ro\/en\/politica-de-confidentialitate\/\" \/>\n<meta property=\"og:site_name\" content=\"Dr. Nicolau\" \/>\n<meta property=\"article:publisher\" content=\"https:\/\/www.facebook.com\/drteodornicolau\" \/>\n<meta property=\"article:modified_time\" content=\"2022-07-06T13:38:06+00:00\" \/>\n<meta name=\"twitter:card\" content=\"summary_large_image\" \/>\n<meta name=\"twitter:label1\" content=\"Est. reading time\" \/>\n\t<meta name=\"twitter:data1\" content=\"6 minutes\" \/>\n<script type=\"application\/ld+json\" class=\"yoast-schema-graph\">{\"@context\":\"https:\/\/schema.org\",\"@graph\":[{\"@type\":\"WebPage\",\"@id\":\"https:\/\/drnicolau.ro\/politica-de-confidentialitate\/\",\"url\":\"https:\/\/drnicolau.ro\/politica-de-confidentialitate\/\",\"name\":\"Politic\u0103 de confiden\u021bialitate | Dr. Nicolau\",\"isPartOf\":{\"@id\":\"https:\/\/drnicolau.ro\/#website\"},\"datePublished\":\"2022-05-20T15:08:45+00:00\",\"dateModified\":\"2022-07-06T13:38:06+00:00\",\"breadcrumb\":{\"@id\":\"https:\/\/drnicolau.ro\/politica-de-confidentialitate\/#breadcrumb\"},\"inLanguage\":\"en-US\",\"potentialAction\":[{\"@type\":\"ReadAction\",\"target\":[\"https:\/\/drnicolau.ro\/politica-de-confidentialitate\/\"]}]},{\"@type\":\"BreadcrumbList\",\"@id\":\"https:\/\/drnicolau.ro\/politica-de-confidentialitate\/#breadcrumb\",\"itemListElement\":[{\"@type\":\"ListItem\",\"position\":1,\"name\":\"Prima pagin\u0103\",\"item\":\"https:\/\/drnicolau.ro\/\"},{\"@type\":\"ListItem\",\"position\":2,\"name\":\"Politic\u0103 de confiden\u021bialitate\"}]},{\"@type\":\"WebSite\",\"@id\":\"https:\/\/drnicolau.ro\/#website\",\"url\":\"https:\/\/drnicolau.ro\/\",\"name\":\"Dr. Nicolau\",\"description\":\"Clinica Stomatologic\u0103 | Implantologie | Fa\u021bete dentare\",\"publisher\":{\"@id\":\"https:\/\/drnicolau.ro\/#organization\"},\"potentialAction\":[{\"@type\":\"SearchAction\",\"target\":{\"@type\":\"EntryPoint\",\"urlTemplate\":\"https:\/\/drnicolau.ro\/?s={search_term_string}\"},\"query-input\":\"required name=search_term_string\"}],\"inLanguage\":\"en-US\"},{\"@type\":\"Organization\",\"@id\":\"https:\/\/drnicolau.ro\/#organization\",\"name\":\"Dr. Nicolau\",\"url\":\"https:\/\/drnicolau.ro\/\",\"sameAs\":[\"https:\/\/www.facebook.com\/drteodornicolau\"],\"logo\":{\"@type\":\"ImageObject\",\"inLanguage\":\"en-US\",\"@id\":\"https:\/\/drnicolau.ro\/#\/schema\/logo\/image\/\",\"url\":\"https:\/\/drnicolau.ro\/wp-content\/uploads\/2022\/07\/logo-bg-black.png\",\"contentUrl\":\"https:\/\/drnicolau.ro\/wp-content\/uploads\/2022\/07\/logo-bg-black.png\",\"width\":300,\"height\":98,\"caption\":\"Dr. Nicolau\"},\"image\":{\"@id\":\"https:\/\/drnicolau.ro\/#\/schema\/logo\/image\/\"}}]}<\/script>\n<!-- \/ Yoast SEO plugin. -->","yoast_head_json":{"title":"Politic\u0103 de confiden\u021bialitate | Dr. Nicolau","robots":{"index":"index","follow":"follow","max-snippet":"max-snippet:-1","max-image-preview":"max-image-preview:large","max-video-preview":"max-video-preview:-1"},"canonical":"https:\/\/drnicolau.ro\/en\/politica-de-confidentialitate\/","og_locale":"en_US","og_type":"article","og_title":"Politic\u0103 de confiden\u021bialitate | Dr. Nicolau","og_description":"Ce date personale colect\u0103m \u0219i de ce Pe cele mai multe pagini ale site-ului https:\/\/drnicolau.ro po\u021bi naviga anonim, f\u0103r\u0103 a furniza date personale). Exist\u0103 \u00eens\u0103 [&hellip;]","og_url":"https:\/\/drnicolau.ro\/en\/politica-de-confidentialitate\/","og_site_name":"Dr. Nicolau","article_publisher":"https:\/\/www.facebook.com\/drteodornicolau","article_modified_time":"2022-07-06T13:38:06+00:00","twitter_card":"summary_large_image","twitter_misc":{"Est. reading time":"6 minutes"},"schema":{"@context":"https:\/\/schema.org","@graph":[{"@type":"WebPage","@id":"https:\/\/drnicolau.ro\/politica-de-confidentialitate\/","url":"https:\/\/drnicolau.ro\/politica-de-confidentialitate\/","name":"Politic\u0103 de confiden\u021bialitate | Dr. Nicolau","isPartOf":{"@id":"https:\/\/drnicolau.ro\/#website"},"datePublished":"2022-05-20T15:08:45+00:00","dateModified":"2022-07-06T13:38:06+00:00","breadcrumb":{"@id":"https:\/\/drnicolau.ro\/politica-de-confidentialitate\/#breadcrumb"},"inLanguage":"en-US","potentialAction":[{"@type":"ReadAction","target":["https:\/\/drnicolau.ro\/politica-de-confidentialitate\/"]}]},{"@type":"BreadcrumbList","@id":"https:\/\/drnicolau.ro\/politica-de-confidentialitate\/#breadcrumb","itemListElement":[{"@type":"ListItem","position":1,"name":"Prima pagin\u0103","item":"https:\/\/drnicolau.ro\/"},{"@type":"ListItem","position":2,"name":"Politic\u0103 de confiden\u021bialitate"}]},{"@type":"WebSite","@id":"https:\/\/drnicolau.ro\/#website","url":"https:\/\/drnicolau.ro\/","name":"Dr. Nicolau","description":"Clinica Stomatologic\u0103 | Implantologie | Fa\u021bete dentare","publisher":{"@id":"https:\/\/drnicolau.ro\/#organization"},"potentialAction":[{"@type":"SearchAction","target":{"@type":"EntryPoint","urlTemplate":"https:\/\/drnicolau.ro\/?s={search_term_string}"},"query-input":"required name=search_term_string"}],"inLanguage":"en-US"},{"@type":"Organization","@id":"https:\/\/drnicolau.ro\/#organization","name":"Dr. Nicolau","url":"https:\/\/drnicolau.ro\/","sameAs":["https:\/\/www.facebook.com\/drteodornicolau"],"logo":{"@type":"ImageObject","inLanguage":"en-US","@id":"https:\/\/drnicolau.ro\/#\/schema\/logo\/image\/","url":"https:\/\/drnicolau.ro\/wp-content\/uploads\/2022\/07\/logo-bg-black.png","contentUrl":"https:\/\/drnicolau.ro\/wp-content\/uploads\/2022\/07\/logo-bg-black.png","width":300,"height":98,"caption":"Dr. Nicolau"},"image":{"@id":"https:\/\/drnicolau.ro\/#\/schema\/logo\/image\/"}}]}},"_links":{"self":[{"href":"https:\/\/drnicolau.ro\/en\/wp-json\/wp\/v2\/pages\/3","targetHints":{"allow":["GET"]}}],"collection":[{"href":"https:\/\/drnicolau.ro\/en\/wp-json\/wp\/v2\/pages"}],"about":[{"href":"https:\/\/drnicolau.ro\/en\/wp-json\/wp\/v2\/types\/page"}],"author":[{"embeddable":true,"href":"https:\/\/drnicolau.ro\/en\/wp-json\/wp\/v2\/users\/1"}],"replies":[{"embeddable":true,"href":"https:\/\/drnicolau.ro\/en\/wp-json\/wp\/v2\/comments?post=3"}],"version-history":[{"count":4,"href":"https:\/\/drnicolau.ro\/en\/wp-json\/wp\/v2\/pages\/3\/revisions"}],"predecessor-version":[{"id":322,"href":"https:\/\/drnicolau.ro\/en\/wp-json\/wp\/v2\/pages\/3\/revisions\/322"}],"wp:attachment":[{"href":"https:\/\/drnicolau.ro\/en\/wp-json\/wp\/v2\/media?parent=3"}],"curies":[{"name":"wp","href":"https:\/\/api.w.org\/{rel}","templated":true}]}}